{"id":390,"date":"2012-05-23T14:43:02","date_gmt":"2012-05-23T14:43:02","guid":{"rendered":"http:\/\/granitosousinde.com\/?page_id=390"},"modified":"2012-06-14T19:28:34","modified_gmt":"2012-06-14T19:28:34","slug":"aviso-legal","status":"publish","type":"page","link":"http:\/\/granitosousinde.com\/?page_id=390","title":{"rendered":"Aviso legal"},"content":{"rendered":"<p>1. &#8211; Datos Legales<\/p>\n<p>GRANITOS OUSINDE es una marca registrada.<\/p>\n<p>2.- Aceptaci\u00f3n<\/p>\n<p>La utilizaci\u00f3n de este sitio web est\u00e1 sujeta a las siguientes condiciones de uso. El hecho de acceder a este sitio web implica que usted ha le\u00eddo y acepta, sin reserva alguna, estas condiciones.<\/p>\n<p>3.- Condiciones de uso<\/p>\n<p>Este sitio web contiene documentaci\u00f3n con fines \u00fanicamente informativos. Esta informaci\u00f3n puede ser modificada, desarrollada o actualizada sin notificaci\u00f3n previa. Los enlaces o links que contiene este sitio web pueden conducir al usuario a otros sitios y p\u00e1ginas web gestionados por terceros.<\/p>\n<p>4.- Limitaci\u00f3n de responsabilidad<\/p>\n<p>Quien utiliza este sitio web, lo hace por su propia cuenta y riesgo. GRANITOS OUSINDE, sus colaboradores y empleados no se responsabilizan de los errores u omisiones de los que pudieran adolecer los contenidos de este sitio web u otros contenidos a los que se pueda acceder a trav\u00e9s del mismo. GRANITOS OUSINDE tampoco podr\u00e1 ser considerada responsable por cualesquiera da\u00f1os derivados de la utilizaci\u00f3n de este sitio web, ni por cualquier actuaci\u00f3n realizada sobre la base de la informaci\u00f3n que en ella se facilita. GRANITOS OUSINDE no garantiza la ausencia de virus u otros elementos da\u00f1inos que pudieran causar da\u00f1os o alteraciones en el sistema inform\u00e1tico, en los documentos electr\u00f3nicos o en los ficheros de este sitio web. En consecuencia, GRANITOS OUSINDE no responde por los da\u00f1os y perjuicios que tales elementos pudieran ocasionar al usuario o a terceros.<\/p>\n<p>5.- Propiedad intelectual<\/p>\n<p>Todos los contenidos del Sitio web, entendiendo por estos a t\u00edtulo meramente enunciativo los textos, fotograf\u00edas, gr\u00e1ficos, im\u00e1genes, iconos, tecnolog\u00eda, software, links y dem\u00e1s contenidos audiovisuales o sonoros, as\u00ed como su dise\u00f1o gr\u00e1fico y c\u00f3digos fuente (en adelante, los &#8216;Contenidos&#8217;), son propiedad intelectual de GRANITOS OUSINDE o de terceros, sin que puedan entenderse cedidos al Usuario ninguno de los derechos de explotaci\u00f3n sobre los mismos m\u00e1s all\u00e1 de lo estrictamente necesario para el correcto uso del Sitio web.<br \/>\nLas marcas, nombres comerciales o signos distintivos son titularidad de GRANITOS OUSINDE o terceros, sin que pueda entenderse que el acceso al Sitio web atribuya ning\u00fan derecho sobre las citadas marcas, nombres comerciales y\/o signos distintivos.<br \/>\nEl Usuario se obliga a hacer un uso correcto del Sitio web de conformidad con la Ley y el presente Aviso Legal. El Usuario responder\u00e1 frente a GRANITOS OUSINDE y\/o terceros, de cualesquiera da\u00f1os y perjuicios que pudieran causarse como consecuencia del incumplimiento de dicha obligaci\u00f3n.<br \/>\nQueda expresamente prohibido el uso del Sitio web con fines da\u00f1inos que de cualquier otra forma sobrecarguen, da\u00f1en o inutilicen las redes, servidores y dem\u00e1s equipos inform\u00e1ticos (hardware) o productos y aplicaciones inform\u00e1ticas (software) de GRANITOS OUSINDE o de terceros.<\/p>\n<p>6.- Contenidos<\/p>\n<p>El Usuario se compromete a utilizar los Contenidos de conformidad con la Ley y el presente Aviso Legal, as\u00ed como con las dem\u00e1s condiciones, reglamentos e instrucciones que en su caso pudieran ser de aplicaci\u00f3n de conformidad con lo dispuesto las presentes condiciones de uso.<br \/>\nCon car\u00e1cter meramente enunciativo, el Usuario de acuerdo con la legislaci\u00f3n vigente deber\u00e1 abstenerse de:<br \/>\nReproducir, copiar, distribuir, poner a disposici\u00f3n, comunicar p\u00fablicamente, transformar o modificar los Contenidos salvo en los casos autorizados en la ley o expresamente consentidos por GRANITOS OUSINDE o por quien ostente la titularidad de los derechos de explotaci\u00f3n en su caso.<\/p>\n<p>7.- Introducci\u00f3n de enlaces al Sitio web<\/p>\n<p>El usuario de Internet que quiera introducir enlaces desde sus propias p\u00e1ginas web al Sitio web deber\u00e1 cumplir con las condiciones que se detallan a continuaci\u00f3n sin que el desconocimiento de las mismas evite las responsabilidades derivadas de la Ley:<\/p>\n<p>El enlace \u00fanicamente vincular\u00e1 con la home page o p\u00e1gina principal del Sitio web pero no podr\u00e1 reproducirla de ninguna forma (inline links, copia de los textos, gr\u00e1ficos, etc.).<\/p>\n<p>Quedar\u00e1 en todo caso prohibido, de acuerdo con la legislaci\u00f3n aplicable y vigente en cada momento, establecer frames o marcos de cualquier tipo que envuelvan al Sitio web o permitan la visualizaci\u00f3n de los Contenidos a trav\u00e9s de direcciones de Internet distintas a las del Sitio web y, en cualquier caso, cuando se visualicen conjuntamente con contenidos ajenos al Sitio web de forma que: (I) produzca, o pueda producir, error, confusi\u00f3n o enga\u00f1o en los usuarios sobre la verdadera procedencia del servicio o Contenidos; (II) suponga un acto de comparaci\u00f3n o imitaci\u00f3n desleal; (III) sirva para aprovechar la reputaci\u00f3n de la marca y prestigio de GRANITOS OUSINDE; o (IV) de cualquier otra forma resulte prohibido por la legislaci\u00f3n vigente.<\/p>\n<p>No se realizar\u00e1n desde la p\u00e1gina que introduce el enlace ning\u00fan tipo de manifestaci\u00f3n falsa, inexacta o incorrecta sobre GRANITOS OUSINDE, sus socios, empleados, clientes o sobre la calidad de los servicios que presta.<\/p>\n<p>En ning\u00fan caso, se expresar\u00e1 en la p\u00e1gina donde se ubique el enlace que GRANITOS OUSINDE ha prestado su consentimiento para la inserci\u00f3n del enlace o que de otra forma patrocina, colabora, verifica o supervisa los servicios del remitente.<\/p>\n<p>Est\u00e1 prohibida la utilizaci\u00f3n de cualquier marca denominativa, gr\u00e1fica o mixta o cualquier otro signo distintivo de GRANITOS OUSINDE dentro de la p\u00e1gina del remitente salvo en los casos permitidos por la ley o expresamente autorizados por GRANITOS OUSINDE y siempre que se permita, en estos casos, un enlace directo con el Sitio web en la forma establecida en esta cl\u00e1usula.<\/p>\n<p>La p\u00e1gina que establezca el enlace deber\u00e1 cumplir fielmente con la ley y no podr\u00e1 en ning\u00fan caso disponer o enlazar con contenidos propios o de terceros que: (I) sean il\u00edcitos, nocivos o contrarios a la moral y a las buenas costumbres (pornogr\u00e1ficos, violentos, racistas, etc.); (II) induzcan o puedan inducir en el Usuario la falsa concepci\u00f3n de GRANITOS OUSINDE.<\/p>\n<p>8.- Exclusi\u00f3n de responsabilidad<\/p>\n<p>a) De la Informaci\u00f3n<\/p>\n<p>El acceso al Sitio web no implica la obligaci\u00f3n por parte de GRANITOS OUSINDE de comprobar la veracidad, exactitud, adecuaci\u00f3n, idoneidad, exhaustividad y actualidad de la informaci\u00f3n suministrada a trav\u00e9s del mismo. Los contenidos de esta p\u00e1gina son de car\u00e1cter general y meramente informativo.<br \/>\nGRANITOS OUSINDE no se responsabiliza de la informaci\u00f3n suministrada en el Sitio web ni de los da\u00f1os y perjuicios producidos en el Usuario o terceros con motivo de la informaci\u00f3n obtenida en el Sitio web.<\/p>\n<p>b) De la calidad del servicio<\/p>\n<p>El acceso al Sitio web no implica la obligaci\u00f3n por parte de GRANITOS OUSINDE de controlar la ausencia de virus, gusanos o cualquier otro elemento inform\u00e1tico da\u00f1ino. Corresponde al Usuario, en todo caso, la disponibilidad de herramientas adecuadas para la detecci\u00f3n y desinfecci\u00f3n de programas inform\u00e1ticos da\u00f1inos.<br \/>\nGRANITOS OUSINDE no se responsabiliza de los da\u00f1os producidos en los equipos inform\u00e1ticos de los Usuarios o de terceros durante la prestaci\u00f3n del servicio del Sitio web.<\/p>\n<p>9.- Legislaci\u00f3n<\/p>\n<p>El presente Aviso Legal se rige en todos y cada uno de sus extremos por la ley espa\u00f1ola.<\/p>\n<p>10.- Protecci\u00f3n de datos<\/p>\n<p>A los efectos previstos en la Ley Org\u00e1nica 15\/1999, de Protecci\u00f3n de Datos de Car\u00e1cter Personal, GRANITOS OUSINDE le informa de que cumple la citada ley, teniendo inscriptos los ficheros pertinentes en la Agencia Espa\u00f1ola de Protecci\u00f3n de Datos, y en cumplimiento de la normativa oficial le comunica:<\/p>\n<p>Los datos de car\u00e1cter personal que puedan ser facilitados a \u00abGRANITOS OUSINDE\u00bb a trav\u00e9s de la web u otros medios, ser\u00e1n incorporados a un fichero del cu\u00e1l la mencionada empresa es responsable, con la finalidad de atender a su petici\u00f3n de informaci\u00f3n\/presupuesto de nuestros servicios, as\u00ed como de remitirle informaci\u00f3n publicitaria por cualquier medio de comunicaci\u00f3n existente o futuro.En ning\u00fan caso sus datos ser\u00e1n cedidos y\/o vendidos a terceras personas y\/o empresas.<\/p>\n<p>El titular de los datos consiente expresamente a GRANITOS OUSINDE, mediante la aceptaci\u00f3n de la presente Pol\u00edtica de Privacidad, el tratamiento inform\u00e1tico de los mismos por parte de la citada empresa y se compromete a comunicar, por el mismo medio y en los t\u00e9rminos que se establecen para el ejercicio de derechos cualquier modificaci\u00f3n que se produzca en los datos aportados. As\u00ed mismo, tambi\u00e9n consiente expresamente, mediante la aceptaci\u00f3n de la presente Pol\u00edtica de Privacidad, que GRANITOS OUSINDE pueda remitirle tanto por v\u00eda telem\u00e1tica, ordinaria \u00f3 por cualquier otro medio actual o que en un futuro la t\u00e9cnica desarrolle, cuanta informaci\u00f3n GRANITOS OUSINDE considere que pueda ser necesaria para la correcta prestaci\u00f3n del servicio demandado o cualquier otra informaci\u00f3n publicitaria, que en un futuro la empresa considere que pudiera resultar de su inter\u00e9s.<\/p>\n<p>El interesado, podr\u00e1 revocar su consentimiento para los tratamientos se\u00f1alados en el p\u00e1rrafo anterior, de acuerdo con lo establecido en la LOPD, a la direcci\u00f3n del Responsable de Fichero de GRANITOS OUSINDE en su domicilio fiscal.<\/p>\n<h6><a title=\"Triotecno\" href=\"http:\/\/triotecno.com\" target=\"_blank\">Programaci\u00f3n<\/a> y<a title=\"Opinguino. Dise\u00f1o gr\u00e1fico y dise\u00f1o web desde Coru\u00f1a\" href=\"http:\/\/opinguino.es\" target=\"_blank\"> dise\u00f1o<\/a><\/h6>\n","protected":false},"excerpt":{"rendered":"<p>1. &#8211; Datos Legales GRANITOS OUSINDE es una marca registrada. 2.- Aceptaci\u00f3n La utilizaci\u00f3n de este sitio web est\u00e1 sujeta a las siguientes condiciones de uso. El hecho de acceder a este sitio web implica que usted ha le\u00eddo y &hellip; <a href=\"http:\/\/granitosousinde.com\/?page_id=390\">Sigue leyendo <span class=\"meta-nav\">&rarr;<\/span><\/a><\/p>\n","protected":false},"author":1,"featured_media":0,"parent":0,"menu_order":60,"comment_status":"closed","ping_status":"open","template":"","meta":[],"_links":{"self":[{"href":"http:\/\/granitosousinde.com\/index.php?rest_route=\/wp\/v2\/pages\/390"}],"collection":[{"href":"http:\/\/granitosousinde.com\/index.php?rest_route=\/wp\/v2\/pages"}],"about":[{"href":"http:\/\/granitosousinde.com\/index.php?rest_route=\/wp\/v2\/types\/page"}],"author":[{"embeddable":true,"href":"http:\/\/granitosousinde.com\/index.php?rest_route=\/wp\/v2\/users\/1"}],"replies":[{"embeddable":true,"href":"http:\/\/granitosousinde.com\/index.php?rest_route=%2Fwp%2Fv2%2Fcomments&post=390"}],"version-history":[{"count":5,"href":"http:\/\/granitosousinde.com\/index.php?rest_route=\/wp\/v2\/pages\/390\/revisions"}],"predecessor-version":[{"id":393,"href":"http:\/\/granitosousinde.com\/index.php?rest_route=\/wp\/v2\/pages\/390\/revisions\/393"}],"wp:attachment":[{"href":"http:\/\/granitosousinde.com\/index.php?rest_route=%2Fwp%2Fv2%2Fmedia&parent=390"}],"curies":[{"name":"wp","href":"https:\/\/api.w.org\/{rel}","templated":true}]}}