{"id":276,"date":"2012-05-18T14:40:13","date_gmt":"2012-05-18T14:40:13","guid":{"rendered":"http:\/\/granitosousinde.com\/?page_id=276"},"modified":"2012-06-14T18:30:44","modified_gmt":"2012-06-14T18:30:44","slug":"quienes-somos","status":"publish","type":"page","link":"http:\/\/granitosousinde.com\/?page_id=276","title":{"rendered":"Quienes somos: calidad y tradici\u00f3n"},"content":{"rendered":"<p>En granitos y m\u00e1rmoles Ousinde creemos que la clave del exito radica en un organizaci\u00f3n eficiente y en una mejora constante de medios y recursos, y todo ello para ofrecer a nuestros clientes unos mejores productos a unos precios competitivos y con unos plazos de respuesta muy ajustados.<\/p>\n<p><img decoding=\"async\" loading=\"lazy\" class=\"alignnone size-full wp-image-278\" title=\"Exterior_1\" src=\"http:\/\/granitosousinde.com\/wp-content\/uploads\/2012\/05\/Exterior_1.jpg\" alt=\"\" width=\"550\" height=\"413\" srcset=\"http:\/\/granitosousinde.com\/wp-content\/uploads\/2012\/05\/Exterior_1.jpg 550w, http:\/\/granitosousinde.com\/wp-content\/uploads\/2012\/05\/Exterior_1-300x225.jpg 300w\" sizes=\"(max-width: 550px) 100vw, 550px\" \/><\/p>\n<p>Para conseguir esto nos hemos puesto unos objetivos bien definidos.<\/p>\n<h2>Objetivos empresariales<\/h2>\n<p><strong>Satisfacer a nuestros clientes.<\/strong><br \/>\nEl mas importante de los objetivos, nuestra esperiencia de no pocos a\u00f1os, nos dice que el cliente es el trabajo de hoy pero sobre todo el futuro, la \u00abpublicidad\u00bb que nos hacen es nuestra mejor carta de presentaci\u00f3n.<\/p>\n<p><strong>Optimizar nuestros recursos.<\/strong><br \/>\nMejorando el rendimiento, optimizando los tiempos, aprovechando los recursos podemos ofrecer una mayor r\u00e1pidez en los trabajos y una mejora importante en los precios que repercuten en el cliente.<\/p>\n<p><strong>Reforzar nuestra posici\u00f3n en el sector construcci\u00f3n.<\/strong><br \/>\nGracias a nuestro equipo humano y a una perfecta sinton\u00eda con nuestros clientes poodemos afirmar que cada a\u00f1o mejoramos nuestro nivel de competencia y nuestro volumen de trabajo.<\/p>\n<p><img decoding=\"async\" loading=\"lazy\" class=\"alignnone size-full wp-image-279\" title=\"nave\" src=\"http:\/\/granitosousinde.com\/wp-content\/uploads\/2012\/05\/nave.jpg\" alt=\"\" width=\"550\" height=\"374\" srcset=\"http:\/\/granitosousinde.com\/wp-content\/uploads\/2012\/05\/nave.jpg 550w, http:\/\/granitosousinde.com\/wp-content\/uploads\/2012\/05\/nave-300x203.jpg 300w\" sizes=\"(max-width: 550px) 100vw, 550px\" \/><\/p>\n<p>&nbsp;<\/p>\n","protected":false},"excerpt":{"rendered":"<p>En granitos y m\u00e1rmoles Ousinde creemos que la clave del exito radica en un organizaci\u00f3n eficiente y en una mejora constante de medios y recursos, y todo ello para ofrecer a nuestros clientes unos mejores productos a unos precios competitivos &hellip; <a href=\"http:\/\/granitosousinde.com\/?page_id=276\">Sigue leyendo <span class=\"meta-nav\">&rarr;<\/span><\/a><\/p>\n","protected":false},"author":1,"featured_media":0,"parent":0,"menu_order":10,"comment_status":"closed","ping_status":"closed","template":"","meta":[],"_links":{"self":[{"href":"http:\/\/granitosousinde.com\/index.php?rest_route=\/wp\/v2\/pages\/276"}],"collection":[{"href":"http:\/\/granitosousinde.com\/index.php?rest_route=\/wp\/v2\/pages"}],"about":[{"href":"http:\/\/granitosousinde.com\/index.php?rest_route=\/wp\/v2\/types\/page"}],"author":[{"embeddable":true,"href":"http:\/\/granitosousinde.com\/index.php?rest_route=\/wp\/v2\/users\/1"}],"replies":[{"embeddable":true,"href":"http:\/\/granitosousinde.com\/index.php?rest_route=%2Fwp%2Fv2%2Fcomments&post=276"}],"version-history":[{"count":5,"href":"http:\/\/granitosousinde.com\/index.php?rest_route=\/wp\/v2\/pages\/276\/revisions"}],"predecessor-version":[{"id":424,"href":"http:\/\/granitosousinde.com\/index.php?rest_route=\/wp\/v2\/pages\/276\/revisions\/424"}],"wp:attachment":[{"href":"http:\/\/granitosousinde.com\/index.php?rest_route=%2Fwp%2Fv2%2Fmedia&parent=276"}],"curies":[{"name":"wp","href":"https:\/\/api.w.org\/{rel}","templated":true}]}}